{"id":75,"date":"2024-01-18T12:48:35","date_gmt":"2024-01-18T09:48:35","guid":{"rendered":"https:\/\/drsinanoguz.com\/?page_id=75"},"modified":"2024-02-16T12:23:30","modified_gmt":"2024-02-16T09:23:30","slug":"dr-sinan-oguz-kisa-ozgecmisim","status":"publish","type":"page","link":"https:\/\/drsinanoguz.com\/index.php\/dr-sinan-oguz-kisa-ozgecmisim\/","title":{"rendered":"Dr. Sinan O\u011fuz"},"content":{"rendered":"\n<p>Merhaba,<\/p>\n\n\n\n<p>1981 y\u0131l\u0131 Adana do\u011fumluyum. \u0130lk ve orta \u00d6\u011fretimini Adana&#8217;da tamamlad\u0131m. Lise e\u011fitimini Kahramanmara\u015f S\u00fcleyman Demirel Fen Lisesinde tamamlad\u0131ktan sonra 1999 y\u0131l\u0131nda Hacettepe \u00dcniversitesi T\u0131p Fak\u00fcltesi&#8217;ne ba\u015flad\u0131m.<\/p>\n\n\n\n<p>2005 y\u0131l\u0131nda Hacettepe \u00dcniversitesi T\u0131p Fak\u00fcltesinden Mezun oldum. Ayn\u0131 y\u0131l T\u0131pta uzmanl\u0131k s\u0131nav\u0131n\u0131 kazanarak ilk tercihim olan Hacettepe \u00dcniversitesi T\u0131p Fak\u00fcltesi \u00c7ocuk Sa\u011fl\u0131\u011f\u0131 ve Hastal\u0131klar\u0131 Anabilim Dal\u0131nda Uzmanl\u0131k E\u011fitimine ba\u015flad\u0131m. 2011 y\u0131l\u0131nda \u00c7ocuk Sa\u011fl\u0131\u011f\u0131 ve Hastal\u0131klar\u0131 Uzman\u0131 oldum<\/p>\n\n\n\n<p>2011 y\u0131l\u0131nda \u00c7ocuk Sa\u011fl\u0131\u011f\u0131 ve Hastal\u0131klar\u0131 Uzman\u0131 olarak Ankara \u00c7ocuk \u00c7ocuk Sa\u011fl\u0131\u011f\u0131 ve Hastal\u0131klar\u0131 Hematoloji Onkoloji E\u011fitim ve Ara\u015ft\u0131rma Hastanesinde (D\u0131\u015fkap\u0131 \u00c7ocuk Hastanesi) \u00e7al\u0131\u015ft\u0131m.<\/p>\n\n\n\n<p>Yan dal uzmanl\u0131k s\u0131nav\u0131n\u0131 kazanarak Ankara \u00dcniversitesi T\u0131p Fak\u00fcltesi \u00c7ocuk Sa\u011fl\u0131\u011f\u0131 ve Hastal\u0131klar\u0131 \u00c7ocuk Acil Bilim dal\u0131na girdim. 2014 y\u0131l\u0131nda \u00c7ocuk Acil Uzman\u0131 unvan\u0131 ald\u0131m.<\/p>\n\n\n\n<p>2014 y\u0131l\u0131nda Devlet Hizmet Y\u00fck\u00fcml\u00fc\u011f\u00fc kapsam\u0131nda, mecburi hizmetimi Ankara&#8217;n\u0131n En yo\u011fun ve Pediatri alan\u0131nda marka olan Dr. Sami Ulus E\u011fitim ve Ara\u015ft\u0131rma Hastanesi \u00c7ocuk Acil Klini\u011fi&#8217;nde 2017 y\u0131l\u0131nda tamamlad\u0131m.<\/p>\n\n\n\n<p>Ankara&#8217;n\u0131n en yo\u011fun d\u00f6rt \u00c7ocuk Hastanesinde uzun y\u0131llar \u00e7al\u0131\u015ft\u0131m. Binlerce \u00e7ocuk hastam oldu. <\/p>\n\n\n\n<p>2017-2023 tarihlerinde \u00d6zel Ankara HRS Kad\u0131n Hastal\u0131klar\u0131 Hastanesi&#8217;nde Pediatri Poliklini\u011fi, Do\u011fum Salonu ve Yenido\u011fan Yo\u011fun Bak\u0131m Servisinde be\u015f y\u0131l boyunca \u00e7ocuk sa\u011fl\u0131\u011f\u0131 ve hastal\u0131klar\u0131 uzman\u0131 olarak \u00e7al\u0131\u015ft\u0131m.<\/p>\n\n\n\n<p>2022 Ocak ay\u0131 itibari ile Ankara \u0130ncek&#8217;teki \u00f6zel muayenehanemde \u00c7ocuk Sa\u011fl\u0131\u011f\u0131 ve Hastal\u0131klar\u0131 Uzman\u0131 olarak \u00e7al\u0131\u015fmaktay\u0131m.<\/p>\n\n\n\n<p>19 y\u0131ld\u0131r \u00c7ocuk Sa\u011fl\u0131\u011f\u0131 ve Hastal\u0131klar\u0131 alan\u0131nda aktif olarak \u00e7al\u0131\u015f\u0131yorum. Do\u011fum Salonu, Yenido\u011fan Yo\u011fun Bak\u0131m ve \u00c7ocuk Acil Hastal\u0131klar\u0131 konusunda deneyim sahibiyim.<\/p>\n","protected":false},"excerpt":{"rendered":"<p>Merhaba, 1981 y\u0131l\u0131 Adana do\u011fumluyum. \u0130lk ve orta \u00d6\u011fretimini Adana&#8217;da tamamlad\u0131m. Lise e\u011fitimini Kahramanmara\u015f S\u00fcleyman Demirel Fen Lisesinde tamamlad\u0131ktan sonra 1999 y\u0131l\u0131nda Hacettepe \u00dcniversitesi T\u0131p Fak\u00fcltesi&#8217;ne ba\u015flad\u0131m. 2005 y\u0131l\u0131nda Hacettepe \u00dcniversitesi T\u0131p Fak\u00fcltesinden Mezun oldum. Ayn\u0131 y\u0131l T\u0131pta uzmanl\u0131k s\u0131nav\u0131n\u0131 kazanarak ilk tercihim olan Hacettepe \u00dcniversitesi T\u0131p Fak\u00fcltesi \u00c7ocuk Sa\u011fl\u0131\u011f\u0131 ve Hastal\u0131klar\u0131 Anabilim Dal\u0131nda Uzmanl\u0131k [&hellip;]<\/p>\n","protected":false},"author":1,"featured_media":0,"parent":0,"menu_order":0,"comment_status":"closed","ping_status":"closed","template":"","meta":{"om_disable_all_campaigns":false,"_monsterinsights_skip_tracking":false,"_monsterinsights_sitenote_active":false,"_monsterinsights_sitenote_note":"","_monsterinsights_sitenote_category":0,"footnotes":"","_joinchat":[]},"aioseo_notices":[],"_links":{"self":[{"href":"https:\/\/drsinanoguz.com\/index.php\/wp-json\/wp\/v2\/pages\/75"}],"collection":[{"href":"https:\/\/drsinanoguz.com\/index.php\/wp-json\/wp\/v2\/pages"}],"about":[{"href":"https:\/\/drsinanoguz.com\/index.php\/wp-json\/wp\/v2\/types\/page"}],"author":[{"embeddable":true,"href":"https:\/\/drsinanoguz.com\/index.php\/wp-json\/wp\/v2\/users\/1"}],"replies":[{"embeddable":true,"href":"https:\/\/drsinanoguz.com\/index.php\/wp-json\/wp\/v2\/comments?post=75"}],"version-history":[{"count":3,"href":"https:\/\/drsinanoguz.com\/index.php\/wp-json\/wp\/v2\/pages\/75\/revisions"}],"predecessor-version":[{"id":85,"href":"https:\/\/drsinanoguz.com\/index.php\/wp-json\/wp\/v2\/pages\/75\/revisions\/85"}],"wp:attachment":[{"href":"https:\/\/drsinanoguz.com\/index.php\/wp-json\/wp\/v2\/media?parent=75"}],"curies":[{"name":"wp","href":"https:\/\/api.w.org\/{rel}","templated":true}]}}