{"id":44,"date":"2024-01-17T14:00:56","date_gmt":"2024-01-17T11:00:56","guid":{"rendered":"https:\/\/drsinanoguz.com\/?page_id=44"},"modified":"2024-02-01T11:08:49","modified_gmt":"2024-02-01T08:08:49","slug":"elementor-44","status":"publish","type":"page","link":"https:\/\/drsinanoguz.com\/index.php\/elementor-44\/","title":{"rendered":"KRUP NED\u0130R?"},"content":{"rendered":"<style>\/*! elementor - v3.18.0 - 20-12-2023 *\/<br \/>\n.elementor-heading-title{padding:0;margin:0;line-height:1}.elementor-widget-heading .elementor-heading-title[class*=elementor-size-]>a{color:inherit;font-size:inherit;line-height:inherit}.elementor-widget-heading .elementor-heading-title.elementor-size-small{font-size:15px}.elementor-widget-heading .elementor-heading-title.elementor-size-medium{font-size:19px}.elementor-widget-heading .elementor-heading-title.elementor-size-large{font-size:29px}.elementor-widget-heading .elementor-heading-title.elementor-size-xl{font-size:39px}.elementor-widget-heading .elementor-heading-title.elementor-size-xxl{font-size:59px}<\/style>\n<h2><\/h2>\n<p>KRUP NED\u0130R?<\/p>\n<p>\u00c7ocukluk \u00e7a\u011f\u0131n\u0131n s\u0131k g\u00f6r\u00fclen hastal\u0131klar\u0131ndand\u0131r. S\u0131kl\u0131kla<br \/>\nvir\u00fcs enfeksiyonlar\u0131na (en s\u0131k parainfluenza ve respiratuvar sinsisyal virus)<br \/>\nba\u011fl\u0131 olarak g\u00f6r\u00fcl\u00fcr.<\/p>\n<p>T\u00fcm y\u0131l g\u00f6r\u00fclebilir ancak sonbahar ve k\u0131\u015f aylar\u0131nda daha<br \/>\nfazla g\u00f6r\u00fclmektedir.<\/p>\n<p>Nefes al\u0131rken \u0131sl\u0131k benzeri ses, kaba havlar tarzda \u00f6ks\u00fcr\u00fck<br \/>\nve ses k\u0131s\u0131kl\u0131\u011f\u0131 s\u0131kt\u0131r.<\/p>\n<p>Tan\u0131 fizik muayene ve klinik bulgular ile konur. De\u011fi\u015fik<br \/>\nderecelerde solunum s\u0131k\u0131nt\u0131s\u0131na neden olabilir. Hastal\u0131\u011f\u0131n a\u011f\u0131rl\u0131k derecesine<br \/>\ng\u00f6re tedavi plan\u0131 yap\u0131l\u0131r.<\/p>\n<p>\u201cPayla\u015f\u0131m\u0131n i\u00e7eri\u011fi<br \/>\nsadece bilgilendirme ama\u00e7l\u0131d\u0131r, tan\u0131 ve tedavi i\u00e7in mutlaka doktorunuza<br \/>\nba\u015fvurunuz\u201d<\/p>\n","protected":false},"excerpt":{"rendered":"<p>KRUP NED\u0130R? \u00c7ocukluk \u00e7a\u011f\u0131n\u0131n s\u0131k g\u00f6r\u00fclen hastal\u0131klar\u0131ndand\u0131r. S\u0131kl\u0131kla vir\u00fcs enfeksiyonlar\u0131na (en s\u0131k parainfluenza ve respiratuvar sinsisyal virus) ba\u011fl\u0131 olarak g\u00f6r\u00fcl\u00fcr. T\u00fcm y\u0131l g\u00f6r\u00fclebilir ancak sonbahar ve k\u0131\u015f aylar\u0131nda daha fazla g\u00f6r\u00fclmektedir. Nefes al\u0131rken \u0131sl\u0131k benzeri ses, kaba havlar tarzda \u00f6ks\u00fcr\u00fck ve ses k\u0131s\u0131kl\u0131\u011f\u0131 s\u0131kt\u0131r. Tan\u0131 fizik muayene ve klinik bulgular ile konur. De\u011fi\u015fik derecelerde solunum [&hellip;]<\/p>\n","protected":false},"author":1,"featured_media":0,"parent":0,"menu_order":0,"comment_status":"closed","ping_status":"closed","template":"","meta":{"om_disable_all_campaigns":false,"_monsterinsights_skip_tracking":false,"_monsterinsights_sitenote_active":false,"_monsterinsights_sitenote_note":"","_monsterinsights_sitenote_category":0,"footnotes":"","_joinchat":[]},"aioseo_notices":[],"_links":{"self":[{"href":"https:\/\/drsinanoguz.com\/index.php\/wp-json\/wp\/v2\/pages\/44"}],"collection":[{"href":"https:\/\/drsinanoguz.com\/index.php\/wp-json\/wp\/v2\/pages"}],"about":[{"href":"https:\/\/drsinanoguz.com\/index.php\/wp-json\/wp\/v2\/types\/page"}],"author":[{"embeddable":true,"href":"https:\/\/drsinanoguz.com\/index.php\/wp-json\/wp\/v2\/users\/1"}],"replies":[{"embeddable":true,"href":"https:\/\/drsinanoguz.com\/index.php\/wp-json\/wp\/v2\/comments?post=44"}],"version-history":[{"count":5,"href":"https:\/\/drsinanoguz.com\/index.php\/wp-json\/wp\/v2\/pages\/44\/revisions"}],"predecessor-version":[{"id":94,"href":"https:\/\/drsinanoguz.com\/index.php\/wp-json\/wp\/v2\/pages\/44\/revisions\/94"}],"wp:attachment":[{"href":"https:\/\/drsinanoguz.com\/index.php\/wp-json\/wp\/v2\/media?parent=44"}],"curies":[{"name":"wp","href":"https:\/\/api.w.org\/{rel}","templated":true}]}}