{"id":104,"date":"2024-02-09T19:39:17","date_gmt":"2024-02-09T16:39:17","guid":{"rendered":"https:\/\/drsinanoguz.com\/?page_id=104"},"modified":"2024-02-09T19:39:17","modified_gmt":"2024-02-09T16:39:17","slug":"yurutec-kullanmak-zorunda-miyim","status":"publish","type":"page","link":"https:\/\/drsinanoguz.com\/index.php\/yurutec-kullanmak-zorunda-miyim\/","title":{"rendered":"Y\u00dcR\u00dcTE\u00c7 KULLANMAK ZORUNDA MIYIM?"},"content":{"rendered":"\n<p>Y\u00dcR\u00dcTE\u00c7 KULLANIMI \u00d6NER\u0130LM\u0130YOR!<\/p>\n\n\n\n<p>San\u0131lan\u0131n aksine y\u00fcr\u00fcte\u00e7 kullanmak erken y\u00fcr\u00fcmeyi sa\u011flamaz. Hatta emekleme, s\u00fcr\u00fcnme, yuvarlanma, aya\u011fa kalkma, t\u0131rmanma gibi a\u015famalar bebe\u011fin kaslar\u0131n\u0131n g\u00fc\u00e7lenmesini ve kaslar\u0131n\u0131 koordine etmeyi \u00f6\u011frenmesine olumsuz etkisi olur. Bebekler d\u00fc\u015fe kalka y\u00fcr\u00fcmeyi \u00f6\u011frenmelidir.<\/p>\n\n\n\n<p>Amerikan Pediatri Akademisi y\u00fcr\u00fcte\u00e7lerin bebe\u011fin daha \u00e7abuk y\u00fcr\u00fcmesini sa\u011flamad\u0131\u011f\u0131n\u0131, aksine bebeklerin normal motor ve mental geli\u015fimini geciktirdi\u011fini bildirmi\u015ftir.<\/p>\n\n\n\n<p>D\u00fc\u015fme veya normalde ula\u015famayaca\u011f\u0131 nesnelere ula\u015f\u0131p \u00e7ekme sonucu pek \u00e7ok yaralanmalara da neden olabilir.<\/p>\n","protected":false},"excerpt":{"rendered":"<p>Y\u00dcR\u00dcTE\u00c7 KULLANIMI \u00d6NER\u0130LM\u0130YOR! San\u0131lan\u0131n aksine y\u00fcr\u00fcte\u00e7 kullanmak erken y\u00fcr\u00fcmeyi sa\u011flamaz. Hatta emekleme, s\u00fcr\u00fcnme, yuvarlanma, aya\u011fa kalkma, t\u0131rmanma gibi a\u015famalar bebe\u011fin kaslar\u0131n\u0131n g\u00fc\u00e7lenmesini ve kaslar\u0131n\u0131 koordine etmeyi \u00f6\u011frenmesine olumsuz etkisi olur. Bebekler d\u00fc\u015fe kalka y\u00fcr\u00fcmeyi \u00f6\u011frenmelidir. Amerikan Pediatri Akademisi y\u00fcr\u00fcte\u00e7lerin bebe\u011fin daha \u00e7abuk y\u00fcr\u00fcmesini sa\u011flamad\u0131\u011f\u0131n\u0131, aksine bebeklerin normal motor ve mental geli\u015fimini geciktirdi\u011fini bildirmi\u015ftir. D\u00fc\u015fme veya [&hellip;]<\/p>\n","protected":false},"author":1,"featured_media":0,"parent":0,"menu_order":0,"comment_status":"closed","ping_status":"closed","template":"","meta":{"om_disable_all_campaigns":false,"_monsterinsights_skip_tracking":false,"_monsterinsights_sitenote_active":false,"_monsterinsights_sitenote_note":"","_monsterinsights_sitenote_category":0,"footnotes":"","_joinchat":[]},"aioseo_notices":[],"_links":{"self":[{"href":"https:\/\/drsinanoguz.com\/index.php\/wp-json\/wp\/v2\/pages\/104"}],"collection":[{"href":"https:\/\/drsinanoguz.com\/index.php\/wp-json\/wp\/v2\/pages"}],"about":[{"href":"https:\/\/drsinanoguz.com\/index.php\/wp-json\/wp\/v2\/types\/page"}],"author":[{"embeddable":true,"href":"https:\/\/drsinanoguz.com\/index.php\/wp-json\/wp\/v2\/users\/1"}],"replies":[{"embeddable":true,"href":"https:\/\/drsinanoguz.com\/index.php\/wp-json\/wp\/v2\/comments?post=104"}],"version-history":[{"count":1,"href":"https:\/\/drsinanoguz.com\/index.php\/wp-json\/wp\/v2\/pages\/104\/revisions"}],"predecessor-version":[{"id":105,"href":"https:\/\/drsinanoguz.com\/index.php\/wp-json\/wp\/v2\/pages\/104\/revisions\/105"}],"wp:attachment":[{"href":"https:\/\/drsinanoguz.com\/index.php\/wp-json\/wp\/v2\/media?parent=104"}],"curies":[{"name":"wp","href":"https:\/\/api.w.org\/{rel}","templated":true}]}}