{"id":102,"date":"2024-02-09T19:32:44","date_gmt":"2024-02-09T16:32:44","guid":{"rendered":"https:\/\/drsinanoguz.com\/?page_id=102"},"modified":"2024-02-09T19:32:44","modified_gmt":"2024-02-09T16:32:44","slug":"saglam-cocuk-izlemi","status":"publish","type":"page","link":"https:\/\/drsinanoguz.com\/index.php\/saglam-cocuk-izlemi\/","title":{"rendered":"SA\u011eLAM \u00c7OCUK \u0130ZLEM\u0130"},"content":{"rendered":"\n<p>Sa\u011fl\u0131kl\u0131 \u00e7ocuk izleminin ana amac\u0131 hastal\u0131klar\u0131n \u00f6nlenmesi ve erken tan\u0131d\u0131r.<\/p>\n\n\n\n<p>\u0130zlemlerin zamanlamas\u0131 ve s\u0131kl\u0131\u011f\u0131 \u00e7ocu\u011fa, aileye, b\u00fcy\u00fcme ve geli\u015fme d\u00f6nemlerine ve a\u015f\u0131lama takvimine g\u00f6re planlan\u0131r.<\/p>\n\n\n\n<p>Takipler 0-6 ay aras\u0131nda her ay, 9. Ay, 12. Ay,&nbsp; 15. Ay, 18. Ay, 2. Ya\u015f 2,5. Ya\u015f 3. Ya\u015f ve sonras\u0131nda y\u0131lda en az bir kez yap\u0131lmal\u0131d\u0131r. Duruma g\u00f6re ek kontroller de yap\u0131labilir.<\/p>\n\n\n\n<p>B\u00fcy\u00fcme ve geli\u015fmenin de\u011ferlendirilmesi, beslenmenin d\u00fczenlenmesi, koruyucu tedaviler, a\u015f\u0131 uygulamalar\u0131 ve gerekli testler bu kontroller s\u0131ras\u0131nda yap\u0131lmaktad\u0131r.<\/p>\n\n\n\n<p>\u00c7ocuklar sadece hasta iken de\u011fil sa\u011fl\u0131kl\u0131 iken de doktor kontrol\u00fcnden ge\u00e7melidir.<\/p>\n\n\n\n<p>T\u00fcm sa\u011flam \u00e7ocuk takiplerinizi, rutin ve \u00f6zel a\u015f\u0131lar\u0131n\u0131z\u0131 klini\u011fimizde yapt\u0131rabilirsiniz.<\/p>\n\n\n\n<p>\ud83d\udcea: K\u0131z\u0131lca\u015far Mahallesi 1209. Cadde No: 18 \u0130ncek\/G\u00f6lba\u015f\u0131\/Ankara (Ankara Frans\u0131z Lisesi yan\u0131)<br>\u260e: (0312) 3168888<br>\ud83d\udcf1: 05392338000&nbsp;<br>\ud83d\udce7: ankaracocukacil@gmail.com<\/p>\n","protected":false},"excerpt":{"rendered":"<p>Sa\u011fl\u0131kl\u0131 \u00e7ocuk izleminin ana amac\u0131 hastal\u0131klar\u0131n \u00f6nlenmesi ve erken tan\u0131d\u0131r. \u0130zlemlerin zamanlamas\u0131 ve s\u0131kl\u0131\u011f\u0131 \u00e7ocu\u011fa, aileye, b\u00fcy\u00fcme ve geli\u015fme d\u00f6nemlerine ve a\u015f\u0131lama takvimine g\u00f6re planlan\u0131r. Takipler 0-6 ay aras\u0131nda her ay, 9. Ay, 12. Ay,&nbsp; 15. Ay, 18. Ay, 2. Ya\u015f 2,5. Ya\u015f 3. Ya\u015f ve sonras\u0131nda y\u0131lda en az bir kez yap\u0131lmal\u0131d\u0131r. Duruma g\u00f6re [&hellip;]<\/p>\n","protected":false},"author":1,"featured_media":0,"parent":0,"menu_order":0,"comment_status":"closed","ping_status":"closed","template":"","meta":{"om_disable_all_campaigns":false,"_monsterinsights_skip_tracking":false,"_monsterinsights_sitenote_active":false,"_monsterinsights_sitenote_note":"","_monsterinsights_sitenote_category":0,"footnotes":"","_joinchat":[]},"aioseo_notices":[],"_links":{"self":[{"href":"https:\/\/drsinanoguz.com\/index.php\/wp-json\/wp\/v2\/pages\/102"}],"collection":[{"href":"https:\/\/drsinanoguz.com\/index.php\/wp-json\/wp\/v2\/pages"}],"about":[{"href":"https:\/\/drsinanoguz.com\/index.php\/wp-json\/wp\/v2\/types\/page"}],"author":[{"embeddable":true,"href":"https:\/\/drsinanoguz.com\/index.php\/wp-json\/wp\/v2\/users\/1"}],"replies":[{"embeddable":true,"href":"https:\/\/drsinanoguz.com\/index.php\/wp-json\/wp\/v2\/comments?post=102"}],"version-history":[{"count":1,"href":"https:\/\/drsinanoguz.com\/index.php\/wp-json\/wp\/v2\/pages\/102\/revisions"}],"predecessor-version":[{"id":103,"href":"https:\/\/drsinanoguz.com\/index.php\/wp-json\/wp\/v2\/pages\/102\/revisions\/103"}],"wp:attachment":[{"href":"https:\/\/drsinanoguz.com\/index.php\/wp-json\/wp\/v2\/media?parent=102"}],"curies":[{"name":"wp","href":"https:\/\/api.w.org\/{rel}","templated":true}]}}